{"id":20852,"date":"2022-01-26T08:44:28","date_gmt":"2022-01-26T08:44:28","guid":{"rendered":"https:\/\/www.zzinzade.com\/hukuki-tavsiye\/"},"modified":"2022-08-03T13:09:43","modified_gmt":"2022-08-03T13:09:43","slug":"hukuki-tavsiye","status":"publish","type":"page","link":"https:\/\/www.zzinzade.com\/tr\/hukuki-tavsiye\/","title":{"rendered":"Hukuki tavsiye"},"content":{"rendered":"<div class=\"fusion-fullwidth fullwidth-box fusion-builder-row-1 fusion-flex-container nonhundred-percent-fullwidth non-hundred-percent-height-scrolling\" style=\"background-color: #ffffff;background-position: center center;background-repeat: no-repeat;border-width: 0px 0px 0px 0px;border-color:#eae9e9;border-style:solid;\" ><div class=\"fusion-builder-row fusion-row fusion-flex-align-items-flex-start\" style=\"max-width:1216.8px;margin-left: calc(-4% \/ 2 );margin-right: calc(-4% \/ 2 );\"><div class=\"fusion-layout-column fusion_builder_column fusion-builder-column-0 fusion_builder_column_2_3 2_3 fusion-flex-column\"><div class=\"fusion-column-wrapper fusion-flex-justify-content-flex-start fusion-content-layout-column\" style=\"background-position:left top;background-repeat:no-repeat;-webkit-background-size:cover;-moz-background-size:cover;-o-background-size:cover;background-size:cover;padding: 0px 0px 0px 0px;\"><style type=\"text\/css\">@media only screen and (max-width:1024px) {.fusion-title.fusion-title-1{margin-top:10px!important; margin-right:!important;margin-bottom:20px!important;margin-left:!important;}}@media only screen and (max-width:640px) {.fusion-title.fusion-title-1{margin-top:10px!important; margin-right:!important;margin-bottom:20px!important; margin-left:!important;}}<\/style><div class=\"fusion-title title fusion-title-1 fusion-title-text fusion-title-size-two\" style=\"margin-top:10px;margin-bottom:20px;\"><div class=\"title-sep-container title-sep-container-left fusion-no-large-visibility fusion-no-medium-visibility fusion-no-small-visibility\"><div class=\"title-sep sep-\" style=\"border-color:#e0dede;\"><\/div><\/div><span class=\"awb-title-spacer fusion-no-large-visibility fusion-no-medium-visibility fusion-no-small-visibility\"><\/span><h2 class=\"title-heading-left fusion-responsive-typography-calculated\" style=\"margin:0;--fontSize:38;line-height:1.26;\">Hukuki tavsiye<\/h2><span class=\"awb-title-spacer\"><\/span><div class=\"title-sep-container title-sep-container-right\"><div class=\"title-sep sep-\" style=\"border-color:#e0dede;\"><\/div><\/div><\/div><\/div><style type=\"text\/css\">.fusion-body .fusion-builder-column-0{width:66.666666666667% !important;margin-top : 15px;margin-bottom : 15px;}.fusion-builder-column-0 > .fusion-column-wrapper {padding-top : 0px !important;padding-right : 0px !important;margin-right : 2.88%;padding-bottom : 0px !important;padding-left : 0px !important;margin-left : 2.88%;}@media only screen and (max-width:1024px) {.fusion-body .fusion-builder-column-0{width:100% !important;order : 0;}.fusion-builder-column-0 > .fusion-column-wrapper {margin-right : 1.92%;margin-left : 1.92%;}}@media only screen and (max-width:640px) {.fusion-body .fusion-builder-column-0{width:100% !important;order : 0;}.fusion-builder-column-0 > .fusion-column-wrapper {margin-right : 1.92%;margin-left : 1.92%;}}<\/style><\/div><div class=\"fusion-layout-column fusion_builder_column fusion-builder-column-1 fusion_builder_column_1_2 1_2 fusion-flex-column\"><div class=\"fusion-column-wrapper fusion-flex-justify-content-flex-start fusion-content-layout-column\" style=\"background-position:left top;background-repeat:no-repeat;-webkit-background-size:cover;-moz-background-size:cover;-o-background-size:cover;background-size:cover;padding: 0px 0px 0px 0px;\"><div class=\"fusion-text fusion-text-1\" style=\"text-align:left;\"><p><strong><em>T\u00fcrkiye&#8217;de i\u015finizi kurmak i\u00e7in yard\u0131ma m\u0131 ihtiyac\u0131n\u0131z var? Zin Zade \u015firketinin hukuk ekibi, sizi dalgal\u0131 sularda seyretmek i\u00e7in hizmetinizde olacakt\u0131r. <\/em><\/strong><\/p>\n<p>T\u00fcrkiye nispeten serbest bir ekonomidir burada kolayca yeni bir \u015firket veya k\u00fc\u00e7\u00fck bir i\u015fletme kurabilirsiniz. Ancak \u015firketin piyasada sayg\u0131n ve g\u00fcvenilir bir konuma sahip olmas\u0131n\u0131 sa\u011flamak i\u00e7in yasal konular\u0131n profesyonelce ele al\u0131nmas\u0131 gerekir. T\u00fcrkiye&#8217;de yabanc\u0131 bir \u015firket olarak ihtiya\u00e7 duyaca\u011f\u0131n\u0131z hukuki yard\u0131m i\u00e7in, Zin Zade \u015eirketinin hukuk ekibi, t\u00fcm temel \u00f6n ko\u015fullar\u0131n yerine getirilmesini sa\u011flayacakt\u0131r. Bunlar a\u015fa\u011f\u0131daki gibidir:<\/p>\n<ol>\n<li>Vergi dairesinden potansiyel bir vergi numaras\u0131 alabilirsiniz ve \u015firketin bulundu\u011fu yere ili\u015fkin t\u00fcm yasal formaliteleri yerine getirebilirsiniz.<\/li>\n<li>\u0130\u015fletmenizin ne t\u00fcr bir \u015firket olaca\u011f\u0131na ve mali yard\u0131m i\u00e7in muhasebe d\u0131\u015f kaynak \u015firketinin kurulmas\u0131na karar verebilirsiniz.<\/li>\n<li>\u015eirketin yasal olarak tescil edilmesi ve \u015firket ad\u0131na bir banka hesab\u0131n\u0131n a\u00e7\u0131lmas\u0131 i\u015flemlerini yapabilirsiniz.<\/li>\n<\/ol>\n<p>Uygun belgelere sahip bireysel i\u015f\u00e7iler i\u00e7in \u00e7al\u0131\u015fma izninin al\u0131nd\u0131\u011f\u0131ndan emin olun<\/p>\n<\/div><\/div><style type=\"text\/css\">.fusion-body .fusion-builder-column-1{width:50% !important;margin-top : 15px;margin-bottom : 15px;}.fusion-builder-column-1 > .fusion-column-wrapper {padding-top : 0px !important;padding-right : 0px !important;margin-right : 3.84%;padding-bottom : 0px !important;padding-left : 0px !important;margin-left : 3.84%;}@media only screen and (max-width:1024px) {.fusion-body .fusion-builder-column-1{width:100% !important;order : 0;}.fusion-builder-column-1 > .fusion-column-wrapper {margin-right : 1.92%;margin-left : 1.92%;}}@media only screen and (max-width:640px) {.fusion-body .fusion-builder-column-1{width:100% !important;order : 0;}.fusion-builder-column-1 > .fusion-column-wrapper {margin-right : 1.92%;margin-left : 1.92%;}}<\/style><\/div><div class=\"fusion-layout-column fusion_builder_column fusion-builder-column-2 fusion_builder_column_1_2 1_2 fusion-flex-column\"><div class=\"fusion-column-wrapper fusion-flex-justify-content-flex-start fusion-content-layout-column\" style=\"background-position:left top;background-repeat:no-repeat;-webkit-background-size:cover;-moz-background-size:cover;-o-background-size:cover;background-size:cover;padding: 0px 0px 0px 0px;\"><div ><span class=\" fusion-imageframe imageframe-none imageframe-1 hover-type-none\"><img decoding=\"async\" width=\"840\" height=\"560\" title=\"Judge,Gavel,With,Justice,Lawyers,Having,Team,Concepts,Of,Law\" src=\"https:\/\/www.zzinzade.com\/wp-content\/uploads\/2021\/12\/Legal-Adivce.jpg\" alt class=\"img-responsive wp-image-20773\" srcset=\"https:\/\/www.zzinzade.com\/wp-content\/uploads\/2021\/12\/Legal-Adivce-200x133.jpg 200w, https:\/\/www.zzinzade.com\/wp-content\/uploads\/2021\/12\/Legal-Adivce-400x267.jpg 400w, https:\/\/www.zzinzade.com\/wp-content\/uploads\/2021\/12\/Legal-Adivce-600x400.jpg 600w, https:\/\/www.zzinzade.com\/wp-content\/uploads\/2021\/12\/Legal-Adivce-800x533.jpg 800w, https:\/\/www.zzinzade.com\/wp-content\/uploads\/2021\/12\/Legal-Adivce.jpg 840w\" sizes=\"(max-width: 1024px) 100vw, (max-width: 640px) 100vw, 600px\" \/><\/span><\/div><\/div><style type=\"text\/css\">.fusion-body .fusion-builder-column-2{width:50% !important;margin-top : 15px;margin-bottom : 15px;}.fusion-builder-column-2 > .fusion-column-wrapper {padding-top : 0px !important;padding-right : 0px !important;margin-right : 3.84%;padding-bottom : 0px !important;padding-left : 0px !important;margin-left : 3.84%;}@media only screen and (max-width:1024px) {.fusion-body .fusion-builder-column-2{width:100% !important;order : 0;}.fusion-builder-column-2 > .fusion-column-wrapper {margin-right : 1.92%;margin-left : 1.92%;}}@media only screen and (max-width:640px) {.fusion-body .fusion-builder-column-2{width:100% !important;order : 0;}.fusion-builder-column-2 > .fusion-column-wrapper {margin-right : 1.92%;margin-left : 1.92%;}}<\/style><\/div><div class=\"fusion-layout-column fusion_builder_column fusion-builder-column-3 fusion_builder_column_1_1 1_1 fusion-flex-column\"><div class=\"fusion-column-wrapper fusion-flex-justify-content-flex-start fusion-content-layout-column\" style=\"background-position:left top;background-repeat:no-repeat;-webkit-background-size:cover;-moz-background-size:cover;-o-background-size:cover;background-size:cover;padding: 0px 0px 0px 0px;\"><style type=\"text\/css\">@media only screen and (max-width:1024px) {.fusion-title.fusion-title-2{margin-top:10px!important; margin-right:!important;margin-bottom:20px!important;margin-left:!important;}}@media only screen and (max-width:640px) {.fusion-title.fusion-title-2{margin-top:10px!important; margin-right:!important;margin-bottom:20px!important; margin-left:!important;}}<\/style><div class=\"fusion-title title fusion-title-2 fusion-title-text fusion-title-size-two\" style=\"margin-top:10px;margin-bottom:20px;\"><div class=\"title-sep-container title-sep-container-left fusion-no-large-visibility fusion-no-medium-visibility fusion-no-small-visibility\"><div class=\"title-sep sep-\" style=\"border-color:#e0dede;\"><\/div><\/div><span class=\"awb-title-spacer fusion-no-large-visibility fusion-no-medium-visibility fusion-no-small-visibility\"><\/span><h2 class=\"title-heading-left fusion-responsive-typography-calculated\" style=\"margin:0;--fontSize:38;line-height:1.26;\">Sorusu olan?<\/h2><span class=\"awb-title-spacer\"><\/span><div class=\"title-sep-container title-sep-container-right\"><div class=\"title-sep sep-\" style=\"border-color:#e0dede;\"><\/div><\/div><\/div><\/div><style type=\"text\/css\">.fusion-body .fusion-builder-column-3{width:100% !important;margin-top : 15px;margin-bottom : 15px;}.fusion-builder-column-3 > .fusion-column-wrapper {padding-top : 0px !important;padding-right : 0px !important;margin-right : 1.92%;padding-bottom : 0px !important;padding-left : 0px !important;margin-left : 1.92%;}@media only screen and (max-width:1024px) {.fusion-body .fusion-builder-column-3{width:100% !important;order : 0;}.fusion-builder-column-3 > .fusion-column-wrapper {margin-right : 1.92%;margin-left : 1.92%;}}@media only screen and (max-width:640px) {.fusion-body .fusion-builder-column-3{width:100% !important;order : 0;}.fusion-builder-column-3 > .fusion-column-wrapper {margin-right : 1.92%;margin-left : 1.92%;}}<\/style><\/div><div class=\"fusion-layout-column fusion_builder_column fusion-builder-column-4 fusion_builder_column_1_2 1_2 fusion-flex-column\"><div class=\"fusion-column-wrapper fusion-flex-justify-content-flex-start fusion-content-layout-column\" style=\"background-position:left top;background-repeat:no-repeat;-webkit-background-size:cover;-moz-background-size:cover;-o-background-size:cover;background-size:cover;padding: 0px 0px 0px 0px;\"><style>.fusion-form-form-wrapper .fusion-form-20086 .fusion-form-tooltip .fusion-form-tooltip-content{color:#ffffff !important;background-color:#333333 !important;border-color:#333333 !important;}<\/style><div class=\"fusion-form fusion-form-builder fusion-form-form-wrapper fusion-form-20086\" data-form-id=\"20086\" data-config=\"{&quot;form_id&quot;:20086,&quot;form_post_id&quot;:20086,&quot;post_id&quot;:20852,&quot;form_type&quot;:&quot;ajax&quot;,&quot;confirmation_type&quot;:&quot;message&quot;,&quot;redirect_url&quot;:&quot;&quot;,&quot;field_labels&quot;:{&quot;your_name&quot;:&quot;Your Name:&quot;,&quot;your_email&quot;:&quot;Your Email:&quot;,&quot;subject&quot;:&quot;Subject:&quot;,&quot;your_message&quot;:&quot;Your Message:&quot;},&quot;field_logics&quot;:{&quot;your_name&quot;:&quot;&quot;,&quot;your_email&quot;:&quot;&quot;,&quot;subject&quot;:&quot;&quot;,&quot;your_message&quot;:&quot;&quot;},&quot;nonce_method&quot;:&quot;ajax&quot;}\"><form action=\"https:\/\/www.zzinzade.com\/tr\/hukuki-tavsiye\/\" method=\"post\" class=\"fusion-form fusion-form-20086\"><div class=\"fusion-fullwidth fullwidth-box fusion-builder-row-1-1 fusion-flex-container nonhundred-percent-fullwidth non-hundred-percent-height-scrolling\" style=\"background-color: #ffffff;background-position: center center;background-repeat: no-repeat;border-width: 0px 0px 0px 0px;border-color:#eae9e9;border-style:solid;\" ><div class=\"fusion-builder-row fusion-row fusion-flex-align-items-flex-start\" style=\"width:104% !important;max-width:104% !important;margin-left: calc(-4% \/ 2 );margin-right: calc(-4% \/ 2 );\"><div class=\"fusion-layout-column fusion_builder_column fusion-builder-column-5 fusion_builder_column_1_1 1_1 fusion-flex-column\"><div class=\"fusion-column-wrapper fusion-flex-justify-content-flex-start fusion-content-layout-column\" style=\"background-position:left top;background-repeat:no-repeat;-webkit-background-size:cover;-moz-background-size:cover;-o-background-size:cover;background-size:cover;padding: 0px 0px 0px 0px;\"><div class=\"fusion-form-field fusion-form-text-field fusion-form-label-above\" data-form-id=\"20086\"><div class=\"fusion-form-label-wrapper\"><label for=\"your_name\">Your Name:<\/label><\/div><input type=\"text\" name=\"your_name\" id=\"your_name\" value=\"\"  class=\"fusion-form-input\" data-holds-private-data=\"false\" minlength=\"0\"\/><\/div><div class=\"fusion-form-field fusion-form-email-field fusion-form-label-above\" data-form-id=\"20086\"><div class=\"fusion-form-label-wrapper\"><label for=\"your_email\">Your Email:<\/label><\/div><input type=\"email\" name=\"your_email\" id=\"your_email\" value=\"\"  class=\"fusion-form-input\" data-holds-private-data=\"false\"\/><\/div><div class=\"fusion-form-field fusion-form-text-field fusion-form-label-above\" data-form-id=\"20086\"><div class=\"fusion-form-label-wrapper\"><label for=\"subject\">Subject:<\/label><\/div><input type=\"text\" name=\"subject\" id=\"subject\" value=\"\"  class=\"fusion-form-input\" data-holds-private-data=\"false\" minlength=\"0\"\/><\/div><div class=\"fusion-form-field fusion-form-textarea-field fusion-form-label-above\" data-form-id=\"20086\"><label for=\"your_message\">Your Message:<\/label><textarea cols=\"40\"  minlength=\"0\"  rows=\"4\" tabindex=\"\" id=\"your_message\" name=\"your_message\" class=\"fusion-form-input\" data-holds-private-data=\"false\"><\/textarea><\/div><div class=\"fusion-form-field fusion-form-submit-field fusion-form-label-above\" data-form-id=\"20086\"><div style=\"text-align:center;\"><style>.fusion-body .fusion-button.button-1{border-color:#ffffff;border-radius:25px 25px 25px 25px;background:#1c1b1f;}.fusion-body .fusion-button.button-1 .fusion-button-text,.fusion-body .fusion-button.button-1 i,.fusion-body .fusion-button.button-1:hover .fusion-button-text,.fusion-body .fusion-button.button-1:hover i,.fusion-body .fusion-button.button-1:focus .fusion-button-text,.fusion-body .fusion-button.button-1:focus i,.fusion-body .fusion-button.button-1:active .fusion-button-text,.fusion-body .fusion-button.button-1:active i{color:#ffffff;}.fusion-body .fusion-button.button-1:hover,.fusion-body .fusion-button.button-1:active,.fusion-body .fusion-button.button-1:focus{border-color:#ffffff;background:#1c1b1f;}<\/style><button type=\"submit\" class=\"fusion-button button-flat fusion-button-default-size button-custom button-1 fusion-button-default-span  form-form-submit button-default\" data-form-number=\"20086\" tabindex=\"\"><span class=\"fusion-button-text\">Send Message<\/span><\/button><\/div><\/div><div class=\"form-submission-notices\" id=\"fusion-notices-1\"><div class=\"fusion-alert alert success alert-success fusion-alert-center fusion-form-response fusion-form-response-success fusion-alert-capitalize\" role=\"alert\" style=\"background-color:#dff0d8;color:rgba(92,163,64,1);border-color:rgba(92,163,64,1);border-width:1px;margin-top:30px;\"><div class=\"fusion-alert-content-wrapper\"><span class=\"alert-icon\"><i class=\"awb-icon-check-circle\" aria-hidden=\"true\"><\/i><\/span><span class=\"fusion-alert-content\">Thank you for your message. It has been sent.<\/span><\/div><\/div><div class=\"fusion-alert alert error alert-danger fusion-alert-center fusion-form-response fusion-form-response-error fusion-alert-capitalize\" role=\"alert\" style=\"background-color:#f2dede;color:rgba(166,66,66,1);border-color:rgba(166,66,66,1);border-width:1px;margin-top:30px;\"><div class=\"fusion-alert-content-wrapper\"><span class=\"alert-icon\"><i class=\"awb-icon-exclamation-triangle\" aria-hidden=\"true\"><\/i><\/span><span class=\"fusion-alert-content\">There was an error trying to send your message. Please try again later.<\/span><\/div><\/div><\/div><\/div><style type=\"text\/css\">.fusion-body .fusion-builder-column-5{width:100% !important;margin-top : 15px;margin-bottom : 15px;}.fusion-builder-column-5 > .fusion-column-wrapper {padding-top : 0px !important;padding-right : 0px !important;margin-right : 1.92%;padding-bottom : 0px !important;padding-left : 0px !important;margin-left : 1.92%;}@media only screen and (max-width:1024px) {.fusion-body .fusion-builder-column-5{width:100% !important;order : 0;}.fusion-builder-column-5 > .fusion-column-wrapper {margin-right : 1.92%;margin-left : 1.92%;}}@media only screen and (max-width:640px) {.fusion-body .fusion-builder-column-5{width:100% !important;order : 0;}.fusion-builder-column-5 > .fusion-column-wrapper {margin-right : 1.92%;margin-left : 1.92%;}}<\/style><\/div><\/div><style type=\"text\/css\">.fusion-body .fusion-flex-container.fusion-builder-row-1-1{ padding-top : 0px;margin-top : 0px;padding-right : 0px;padding-bottom : 0px;margin-bottom : 0px;padding-left : 0px;}<\/style><\/div><input type=\"hidden\" name=\"fusion_privacy_store_ip_ua\" value=\"false\"><input type=\"hidden\" name=\"fusion_privacy_expiration_interval\" value=\"48\"><input type=\"hidden\" name=\"privacy_expiration_action\" value=\"anonymize\"><\/form><\/div><\/div><style type=\"text\/css\">.fusion-body .fusion-builder-column-4{width:50% !important;margin-top : 15px;margin-bottom : 15px;}.fusion-builder-column-4 > .fusion-column-wrapper {padding-top : 0px !important;padding-right : 0px !important;margin-right : 3.84%;padding-bottom : 0px !important;padding-left : 0px !important;margin-left : 3.84%;}@media only screen and (max-width:1024px) {.fusion-body .fusion-builder-column-4{width:100% !important;order : 0;}.fusion-builder-column-4 > .fusion-column-wrapper {margin-right : 1.92%;margin-left : 1.92%;}}@media only screen and (max-width:640px) {.fusion-body .fusion-builder-column-4{width:100% !important;order : 0;}.fusion-builder-column-4 > .fusion-column-wrapper {margin-right : 1.92%;margin-left : 1.92%;}}<\/style><\/div><\/div><style type=\"text\/css\">.fusion-body .fusion-flex-container.fusion-builder-row-1{ padding-top : 0px;margin-top : 0px;padding-right : 0px;padding-bottom : 0px;margin-bottom : 0px;padding-left : 0px;}<\/style><\/div>\n","protected":false},"excerpt":{"rendered":"","protected":false},"author":1,"featured_media":0,"parent":0,"menu_order":0,"comment_status":"closed","ping_status":"closed","template":"","meta":{"_coblocks_attr":"","_coblocks_dimensions":"","_coblocks_responsive_height":"","_coblocks_accordion_ie_support":"","footnotes":""},"class_list":["post-20852","page","type-page","status-publish","hentry"],"yoast_head":"<!-- This site is optimized with the Yoast SEO plugin v19.11 - https:\/\/yoast.com\/wordpress\/plugins\/seo\/ -->\n<title>Hukuki tavsiye - Zin Zade<\/title>\n<meta name=\"robots\" content=\"index, follow, max-snippet:-1, max-image-preview:large, max-video-preview:-1\" \/>\n<link rel=\"canonical\" href=\"https:\/\/www.zzinzade.com\/tr\/hukuki-tavsiye\/\" \/>\n<meta property=\"og:locale\" content=\"tr_TR\" \/>\n<meta property=\"og:type\" content=\"article\" \/>\n<meta property=\"og:title\" content=\"Hukuki tavsiye - Zin Zade\" \/>\n<meta property=\"og:url\" content=\"https:\/\/www.zzinzade.com\/tr\/hukuki-tavsiye\/\" \/>\n<meta property=\"og:site_name\" content=\"Zin Zade\" \/>\n<meta property=\"article:modified_time\" content=\"2022-08-03T13:09:43+00:00\" \/>\n<meta name=\"twitter:card\" content=\"summary_large_image\" \/>\n<meta name=\"twitter:label1\" content=\"Tahmini okuma s\u00fcresi\" \/>\n\t<meta name=\"twitter:data1\" content=\"9 dakika\" \/>\n<script type=\"application\/ld+json\" class=\"yoast-schema-graph\">{\"@context\":\"https:\/\/schema.org\",\"@graph\":[{\"@type\":\"WebPage\",\"@id\":\"https:\/\/www.zzinzade.com\/tr\/hukuki-tavsiye\/\",\"url\":\"https:\/\/www.zzinzade.com\/tr\/hukuki-tavsiye\/\",\"name\":\"Hukuki tavsiye - Zin Zade\",\"isPartOf\":{\"@id\":\"https:\/\/www.zzinzade.com\/#website\"},\"datePublished\":\"2022-01-26T08:44:28+00:00\",\"dateModified\":\"2022-08-03T13:09:43+00:00\",\"breadcrumb\":{\"@id\":\"https:\/\/www.zzinzade.com\/tr\/hukuki-tavsiye\/#breadcrumb\"},\"inLanguage\":\"tr\",\"potentialAction\":[{\"@type\":\"ReadAction\",\"target\":[\"https:\/\/www.zzinzade.com\/tr\/hukuki-tavsiye\/\"]}]},{\"@type\":\"BreadcrumbList\",\"@id\":\"https:\/\/www.zzinzade.com\/tr\/hukuki-tavsiye\/#breadcrumb\",\"itemListElement\":[{\"@type\":\"ListItem\",\"position\":1,\"name\":\"Home\",\"item\":\"https:\/\/www.zzinzade.com\/tr\/\"},{\"@type\":\"ListItem\",\"position\":2,\"name\":\"Hukuki tavsiye\"}]},{\"@type\":\"WebSite\",\"@id\":\"https:\/\/www.zzinzade.com\/#website\",\"url\":\"https:\/\/www.zzinzade.com\/\",\"name\":\"Zin Zade\",\"description\":\"Best of everything\",\"publisher\":{\"@id\":\"https:\/\/www.zzinzade.com\/#organization\"},\"potentialAction\":[{\"@type\":\"SearchAction\",\"target\":{\"@type\":\"EntryPoint\",\"urlTemplate\":\"https:\/\/www.zzinzade.com\/?s={search_term_string}\"},\"query-input\":\"required name=search_term_string\"}],\"inLanguage\":\"tr\"},{\"@type\":\"Organization\",\"@id\":\"https:\/\/www.zzinzade.com\/#organization\",\"name\":\"Zin Zade\",\"url\":\"https:\/\/www.zzinzade.com\/\",\"logo\":{\"@type\":\"ImageObject\",\"inLanguage\":\"tr\",\"@id\":\"https:\/\/www.zzinzade.com\/#\/schema\/logo\/image\/\",\"url\":\"https:\/\/www.zzinzade.com\/wp-content\/uploads\/2021\/12\/zin-ff-01.png\",\"contentUrl\":\"https:\/\/www.zzinzade.com\/wp-content\/uploads\/2021\/12\/zin-ff-01.png\",\"width\":806,\"height\":224,\"caption\":\"Zin Zade\"},\"image\":{\"@id\":\"https:\/\/www.zzinzade.com\/#\/schema\/logo\/image\/\"},\"sameAs\":[\"https:\/\/www.instagram.com\/zin.zade\/\"]}]}<\/script>\n<!-- \/ Yoast SEO plugin. -->","yoast_head_json":{"title":"Hukuki tavsiye - Zin Zade","robots":{"index":"index","follow":"follow","max-snippet":"max-snippet:-1","max-image-preview":"max-image-preview:large","max-video-preview":"max-video-preview:-1"},"canonical":"https:\/\/www.zzinzade.com\/tr\/hukuki-tavsiye\/","og_locale":"tr_TR","og_type":"article","og_title":"Hukuki tavsiye - Zin Zade","og_url":"https:\/\/www.zzinzade.com\/tr\/hukuki-tavsiye\/","og_site_name":"Zin Zade","article_modified_time":"2022-08-03T13:09:43+00:00","twitter_card":"summary_large_image","twitter_misc":{"Tahmini okuma s\u00fcresi":"9 dakika"},"schema":{"@context":"https:\/\/schema.org","@graph":[{"@type":"WebPage","@id":"https:\/\/www.zzinzade.com\/tr\/hukuki-tavsiye\/","url":"https:\/\/www.zzinzade.com\/tr\/hukuki-tavsiye\/","name":"Hukuki tavsiye - Zin Zade","isPartOf":{"@id":"https:\/\/www.zzinzade.com\/#website"},"datePublished":"2022-01-26T08:44:28+00:00","dateModified":"2022-08-03T13:09:43+00:00","breadcrumb":{"@id":"https:\/\/www.zzinzade.com\/tr\/hukuki-tavsiye\/#breadcrumb"},"inLanguage":"tr","potentialAction":[{"@type":"ReadAction","target":["https:\/\/www.zzinzade.com\/tr\/hukuki-tavsiye\/"]}]},{"@type":"BreadcrumbList","@id":"https:\/\/www.zzinzade.com\/tr\/hukuki-tavsiye\/#breadcrumb","itemListElement":[{"@type":"ListItem","position":1,"name":"Home","item":"https:\/\/www.zzinzade.com\/tr\/"},{"@type":"ListItem","position":2,"name":"Hukuki tavsiye"}]},{"@type":"WebSite","@id":"https:\/\/www.zzinzade.com\/#website","url":"https:\/\/www.zzinzade.com\/","name":"Zin Zade","description":"Best of everything","publisher":{"@id":"https:\/\/www.zzinzade.com\/#organization"},"potentialAction":[{"@type":"SearchAction","target":{"@type":"EntryPoint","urlTemplate":"https:\/\/www.zzinzade.com\/?s={search_term_string}"},"query-input":"required name=search_term_string"}],"inLanguage":"tr"},{"@type":"Organization","@id":"https:\/\/www.zzinzade.com\/#organization","name":"Zin Zade","url":"https:\/\/www.zzinzade.com\/","logo":{"@type":"ImageObject","inLanguage":"tr","@id":"https:\/\/www.zzinzade.com\/#\/schema\/logo\/image\/","url":"https:\/\/www.zzinzade.com\/wp-content\/uploads\/2021\/12\/zin-ff-01.png","contentUrl":"https:\/\/www.zzinzade.com\/wp-content\/uploads\/2021\/12\/zin-ff-01.png","width":806,"height":224,"caption":"Zin Zade"},"image":{"@id":"https:\/\/www.zzinzade.com\/#\/schema\/logo\/image\/"},"sameAs":["https:\/\/www.instagram.com\/zin.zade\/"]}]}},"_links":{"self":[{"href":"https:\/\/www.zzinzade.com\/tr\/wp-json\/wp\/v2\/pages\/20852","targetHints":{"allow":["GET"]}}],"collection":[{"href":"https:\/\/www.zzinzade.com\/tr\/wp-json\/wp\/v2\/pages"}],"about":[{"href":"https:\/\/www.zzinzade.com\/tr\/wp-json\/wp\/v2\/types\/page"}],"author":[{"embeddable":true,"href":"https:\/\/www.zzinzade.com\/tr\/wp-json\/wp\/v2\/users\/1"}],"replies":[{"embeddable":true,"href":"https:\/\/www.zzinzade.com\/tr\/wp-json\/wp\/v2\/comments?post=20852"}],"version-history":[{"count":4,"href":"https:\/\/www.zzinzade.com\/tr\/wp-json\/wp\/v2\/pages\/20852\/revisions"}],"predecessor-version":[{"id":21002,"href":"https:\/\/www.zzinzade.com\/tr\/wp-json\/wp\/v2\/pages\/20852\/revisions\/21002"}],"wp:attachment":[{"href":"https:\/\/www.zzinzade.com\/tr\/wp-json\/wp\/v2\/media?parent=20852"}],"curies":[{"name":"wp","href":"https:\/\/api.w.org\/{rel}","templated":true}]}}